{"id":13,"date":"2016-02-11T09:33:07","date_gmt":"2016-02-11T09:33:07","guid":{"rendered":"http:\/\/swdg-nukmed.de\/?page_id=13"},"modified":"2020-09-30T21:03:25","modified_gmt":"2020-09-30T19:03:25","slug":"ueber-uns","status":"publish","type":"page","link":"https:\/\/swdg-nukmed.de\/?page_id=13","title":{"rendered":"\u00dcber uns"},"content":{"rendered":"<div class=\"fusion-fullwidth fullwidth-box fusion-builder-row-1 nonhundred-percent-fullwidth non-hundred-percent-height-scrolling\" style=\"background-color: rgba(255,255,255,0);background-position: left top;background-repeat: no-repeat;padding-top:20px;padding-right:0px;padding-bottom:20px;padding-left:0px;margin-bottom: 0px;margin-top: 0px;border-width: 0px 0px 0px 0px;border-color:#eae9e9;border-style:solid;\" ><div class=\"fusion-builder-row fusion-row\"><div class=\"fusion-layout-column fusion_builder_column fusion-builder-column-0 fusion_builder_column_1_1 1_1 fusion-one-full fusion-column-first fusion-column-last fusion-column-no-min-height\" style=\"margin-top:0px;margin-bottom:0px;\"><div class=\"fusion-column-wrapper fusion-flex-column-wrapper-legacy\" style=\"background-position:left top;background-repeat:no-repeat;-webkit-background-size:cover;-moz-background-size:cover;-o-background-size:cover;background-size:cover;padding: 0px 0px 0px 0px;\"><div class=\"fusion-text fusion-text-1\"><h1 style=\"text-align: center; font-size: 30px;\">\u00dcber die <span style=\"color: #f07e23;\">SWDGN!<\/span><\/h1>\n<p style=\"text-align: center; margin-top: -10px; font-size: 17px;\">Hier erfahren Sie mehr \u00fcber den Verein der s\u00fcdwestdeutschen Gesellschaft f\u00fcr Nuklearmedizin e.V. <span class=\"fusion-tooltip tooltip-shortcode\" data-animation=\"\" data-delay=\"0\" data-placement=\"top\" data-title=\"Join The Avada Community!\" title=\"Join The Avada Community!\" data-toggle=\"tooltip\" data-trigger=\"hover\"><strong>(SWDGN)<\/strong><\/span>.<\/p>\n<\/div><div class=\"fusion-sep-clear\"><\/div><div class=\"fusion-separator fusion-full-width-sep\" style=\"margin-left: auto;margin-right: auto;margin-top:15px;margin-bottom:80px;width:100%;\"><div class=\"fusion-separator-border sep-double sep-solid\" style=\"border-color:#e0dede;border-top-width:1px;border-bottom-width:1px;\"><\/div><\/div><div class=\"fusion-sep-clear\"><\/div><div class=\"fusion-text fusion-text-2\"><p>Die S\u00fcdwestdeutsche Gesellschaft f\u00fcr Nuklearmedizin e.V. (SWDGN) ist die regionale nuklearmedizinische wissenschaftliche Fachgesellschaft f\u00fcr Baden-W\u00fcrttemberg. Das Ziel der SWDGN ist, die Nuklearmedizin durch Verbreitung von Informationen und Kenntnissen bei nuklearmedizinisch T\u00e4tigen (\u00c4rzten, Naturwissenschaftlern, technischen Assistenten, Krankenschwestern und -pflegern und Zivildienstleistenden), bei Personen, die in der Aus-, Fort- oder Weiterbildung im nuklearmedizinischen Bereich sind, in den Nachbardisziplinen, in der Industrie und in der \u00d6ffentlichkeit zu f\u00f6rdern. Dazu f\u00fchrt die SWDGN regelm\u00e4\u00dfig Tagungen und Veranstaltungen durch und unterh\u00e4lt diese Internetpr\u00e4senz.<\/p>\n<\/div><div class=\"fusion-clearfix\"><\/div><\/div><\/div><div class=\"fusion-layout-column fusion_builder_column fusion-builder-column-1 fusion_builder_column_1_3 1_3 fusion-one-third fusion-column-first\" style=\"width:30.6666%; margin-right: 4%;margin-top:0px;margin-bottom:20px;\"><div class=\"fusion-column-wrapper fusion-flex-column-wrapper-legacy\" style=\"background-position:left top;background-repeat:no-repeat;-webkit-background-size:cover;-moz-background-size:cover;-o-background-size:cover;background-size:cover;padding: 0px 0px 0px 0px;\"><span class=\" fusion-imageframe imageframe-none imageframe-1 hover-type-none\" style=\"margin-right:25px;float:left;\"><img decoding=\"async\" src=\"http:\/\/swdg-nukmed.de\/wp-content\/uploads\/2016\/02\/SWDGN-Nuklearmedizin-Logo-Symbol-300x300.png\" class=\"img-responsive\"\/><\/span><div class=\"fusion-clearfix\"><\/div><\/div><\/div><div class=\"fusion-layout-column fusion_builder_column fusion-builder-column-2 fusion_builder_column_2_3 2_3 fusion-two-third fusion-column-last\" style=\"width:65.3333%;margin-top:0px;margin-bottom:20px;\"><div class=\"fusion-column-wrapper fusion-flex-column-wrapper-legacy\" style=\"background-position:left top;background-repeat:no-repeat;-webkit-background-size:cover;-moz-background-size:cover;-o-background-size:cover;background-size:cover;padding: 0px 0px 0px 0px;\"><div class=\"fusion-sep-clear\"><\/div><div class=\"fusion-separator fusion-full-width-sep\" style=\"margin-left: auto;margin-right: auto;margin-top:10px;margin-bottom:50px;width:100%;\"><\/div><div class=\"fusion-sep-clear\"><\/div><style type=\"text\/css\"><\/style><div class=\"fusion-title title fusion-title-1 fusion-sep-none fusion-title-text fusion-title-size-two\" style=\"margin-top:0px;margin-right:0px;margin-bottom:31px;margin-left:0px;\"><h2 class=\"title-heading-left\" style=\"margin:0;\">Erfahren Sie mehr:<\/h2><\/div><ul class=\"fusion-checklist fusion-checklist-1\" style=\"font-size:13px;line-height:22.1px;\"><li class=\"fusion-li-item\"><span style=\"background-color:#f07e23;font-size:11.44px;height:22.1px;width:22.1px;margin-right:9.1px;\" class=\"icon-wrapper circle-yes\"><i class=\"fusion-li-icon fa fa-check\" style=\"color:#ffffff;\" aria-hidden=\"true\"><\/i><\/span><div class=\"fusion-li-item-content\" style=\"margin-left:31.2px;\"><a href=\"http:\/\/swdg-nukmed.de\/?page_id=76\">Vorstand &gt;&gt;<\/a><\/div><\/li><li class=\"fusion-li-item\"><span style=\"background-color:#f07e23;font-size:11.44px;height:22.1px;width:22.1px;margin-right:9.1px;\" class=\"icon-wrapper circle-yes\"><i class=\"fusion-li-icon fa fa-check\" style=\"color:#ffffff;\" aria-hidden=\"true\"><\/i><\/span><div class=\"fusion-li-item-content\" style=\"margin-left:31.2px;\"><a href=\"http:\/\/swdg-nukmed.de\/?page_id=80\">Mitglieder &gt;&gt;<\/a><\/div><\/li><li class=\"fusion-li-item\"><span style=\"background-color:#f07e23;font-size:11.44px;height:22.1px;width:22.1px;margin-right:9.1px;\" class=\"icon-wrapper circle-yes\"><i class=\"fusion-li-icon fa fa-check\" style=\"color:#ffffff;\" aria-hidden=\"true\"><\/i><\/span><div class=\"fusion-li-item-content\" style=\"margin-left:31.2px;\"><a href=\"http:\/\/swdg-nukmed.de\/?page_id=82\">Satzung &gt;&gt;<\/a><\/div><\/li><\/ul><div class=\"fusion-clearfix\"><\/div><\/div><\/div><\/div><\/div>\n","protected":false},"excerpt":{"rendered":"","protected":false},"author":166,"featured_media":0,"parent":0,"menu_order":0,"comment_status":"closed","ping_status":"closed","template":"100-width.php","meta":{"footnotes":""},"class_list":["post-13","page","type-page","status-publish","hentry"],"_links":{"self":[{"href":"https:\/\/swdg-nukmed.de\/index.php?rest_route=\/wp\/v2\/pages\/13","targetHints":{"allow":["GET"]}}],"collection":[{"href":"https:\/\/swdg-nukmed.de\/index.php?rest_route=\/wp\/v2\/pages"}],"about":[{"href":"https:\/\/swdg-nukmed.de\/index.php?rest_route=\/wp\/v2\/types\/page"}],"author":[{"embeddable":true,"href":"https:\/\/swdg-nukmed.de\/index.php?rest_route=\/wp\/v2\/users\/166"}],"replies":[{"embeddable":true,"href":"https:\/\/swdg-nukmed.de\/index.php?rest_route=%2Fwp%2Fv2%2Fcomments&post=13"}],"version-history":[{"count":20,"href":"https:\/\/swdg-nukmed.de\/index.php?rest_route=\/wp\/v2\/pages\/13\/revisions"}],"predecessor-version":[{"id":906,"href":"https:\/\/swdg-nukmed.de\/index.php?rest_route=\/wp\/v2\/pages\/13\/revisions\/906"}],"wp:attachment":[{"href":"https:\/\/swdg-nukmed.de\/index.php?rest_route=%2Fwp%2Fv2%2Fmedia&parent=13"}],"curies":[{"name":"wp","href":"https:\/\/api.w.org\/{rel}","templated":true}]}}