{"id":35,"date":"2016-02-11T13:32:03","date_gmt":"2016-02-11T13:32:03","guid":{"rendered":"http:\/\/swdg-nukmed.de\/?page_id=35"},"modified":"2020-09-30T21:03:25","modified_gmt":"2020-09-30T19:03:25","slug":"faq","status":"publish","type":"page","link":"https:\/\/swdg-nukmed.de\/?page_id=35","title":{"rendered":"FAQ"},"content":{"rendered":"<div class=\"fusion-fullwidth fullwidth-box fusion-builder-row-1 nonhundred-percent-fullwidth non-hundred-percent-height-scrolling\" style=\"background-color: rgba(255,255,255,0);background-position: left top;background-repeat: no-repeat;padding-top:20px;padding-right:0px;padding-bottom:20px;padding-left:0px;margin-bottom: 0px;margin-top: 0px;border-width: 0px 0px 0px 0px;border-color:#eae9e9;border-style:solid;\" ><div class=\"fusion-builder-row fusion-row\"><div class=\"fusion-layout-column fusion_builder_column fusion-builder-column-0 fusion_builder_column_1_1 1_1 fusion-one-full fusion-column-first fusion-column-last fusion-column-no-min-height\" style=\"margin-top:0px;margin-bottom:0px;\"><div class=\"fusion-column-wrapper fusion-flex-column-wrapper-legacy\" style=\"background-position:left top;background-repeat:no-repeat;-webkit-background-size:cover;-moz-background-size:cover;-o-background-size:cover;background-size:cover;padding: 0px 0px 0px 0px;\"><div class=\"fusion-text fusion-text-1\"><h1 style=\"text-align: center; font-size: 30px;\">H\u00e4ufig gesellte Fragen &#8211; <span style=\"color: #f07e23;\">FAQ!<\/span><\/h1>\n<p style=\"text-align: center; margin-top: -10px; font-size: 17px;\">Hier finden Sie eine \u00dcbersicht an Fragen, die h\u00e4ufig an die S\u00fcdwestdeutsche Gesellschaft f\u00fcr Nuklearmedizin e.V. gestellt werden <span class=\"fusion-tooltip tooltip-shortcode\" data-animation=\"\" data-delay=\"0\" data-placement=\"top\" data-title=\"Join The Avada Community!\" title=\"Join The Avada Community!\" data-toggle=\"tooltip\" data-trigger=\"hover\"><strong>(SWDGN)<\/strong><\/span>.<\/p>\n<\/div><div class=\"fusion-sep-clear\"><\/div><div class=\"fusion-separator fusion-full-width-sep\" style=\"margin-left: auto;margin-right: auto;margin-top:15px;margin-bottom:80px;width:100%;\"><div class=\"fusion-separator-border sep-double sep-solid\" style=\"border-color:#e0dede;border-top-width:1px;border-bottom-width:1px;\"><\/div><\/div><div class=\"fusion-sep-clear\"><\/div><div class=\"fusion-clearfix\"><\/div><\/div><\/div><div class=\"fusion-layout-column fusion_builder_column fusion-builder-column-1 fusion_builder_column_1_1 1_1 fusion-one-full fusion-column-first fusion-column-last\" style=\"margin-top:0px;margin-bottom:20px;\"><div class=\"fusion-column-wrapper fusion-flex-column-wrapper-legacy\" style=\"background-position:left top;background-repeat:no-repeat;-webkit-background-size:cover;-moz-background-size:cover;-o-background-size:cover;background-size:cover;padding: 0px 0px 0px 0px;\"><style type=\"text\/css\">.fusion-accordian  #accordion-35-1 .panel-title a .fa-fusion-box{ color: #ffffff;}.fusion-accordian  #accordion-35-1 .panel-title a .fa-fusion-box:before{ font-size: 16px; width: 16px;}.fusion-accordian  #accordion-35-1 .panel-title a{font-size:13px;}.fusion-accordian  #accordion-35-1 .fa-fusion-box { background-color: #333333;border-color: #333333;}.fusion-accordian  #accordion-35-1 .panel-title a:hover, #accordion-35-1 .fusion-toggle-boxed-mode:hover .panel-title a { color: #f07e23;}.fusion-accordian  #accordion-35-1 .panel-title .active .fa-fusion-box,.fusion-accordian  #accordion-35-1 .panel-title a:hover .fa-fusion-box { background-color: #f07e23!important;border-color: #f07e23!important;}<\/style><div class=\"accordian fusion-accordian\"><div class=\"panel-group\" id=\"accordion-35-1\"><div class=\"fusion-panel panel-default\"><div class=\"panel-heading\"><h4 class=\"panel-title toggle\"><a aria-expanded=\"false\" aria-controls=\"5e90682ad929c4a14\" role=\"button\" data-toggle=\"collapse\" data-parent=\"#accordion-35-1\" data-target=\"#5e90682ad929c4a14\" href=\"#5e90682ad929c4a14\"><span class=\"fusion-toggle-icon-wrapper\" aria-hidden=\"true\"><i class=\"fa-fusion-box\" aria-hidden=\"true\"><\/i><\/span><span class=\"fusion-toggle-heading\">Wie werde ich Mitglied der S\u00fcdwestdeutschen Gesellschaft f\u00fcr Nuklearmedizin?<\/span><\/a><\/h4><\/div><div id=\"5e90682ad929c4a14\" class=\"panel-collapse collapse \"><div class=\"panel-body toggle-content fusion-clearfix\">Wenn Sie als Naturwissenschaftler(in), als MTRA, \u00e4rztlich, pflegerisch oder als Arzthelfer(in) in der Nuklearmedizin oder einem Grenzgebiet dazu t\u00e4tig sind, k\u00f6nnen Sie ordentliches Mitglied der SWDGN werden. Sollten Sie nicht diesem Personenkreis angeh\u00f6ren, steht Ihnen (insbesondere als nicht nat\u00fcrliche Person) die Mitgliedschaft als korporatives Mitglied offen.<br \/>\nF\u00fcllen Sie den <strong><a href=\"https:\/\/swdg-nukmed.de\/wp-content\/uploads\/2019\/12\/swdgn-Mitgliederantrag.pdf\" target=\"_blank\" rel=\"noopener noreferrer\">Antrag auf Mitgliedschaft in der SWDGN im Portable Document Format (Adobe)<\/a><\/strong> aus, lassen Sie Ihn von zwei Mitgliedern der SWDGN, die Ihre Mitgliedschaft bef\u00fcrworten, mit unterzeichnen und senden Sie den Antrag an:<\/p>\n<p>Professor Dr. med. Klaus Tatsch<br \/>\nSt\u00e4dtisches Klinikum Karlsruhe gGmbH<br \/>\nMoltkestra\u00dfe 90<br \/>\nD-76133 Karlsruhe<\/p>\n<p>Der Mitgliedsbeitrag betr\u00e4gt f\u00fcr Assistenz\u00e4rzte zur Zeit 30 \u20ac, f\u00fcr niedergelassene \u00c4rzte, Chef\u00e4rzte und liquidationsberechtigte Ober\u00e4rzte 50 \u20ac im Jahr, f\u00fcr andere ordentliche Mitglieder 15 \u20ac j\u00e4hrlich. Kooperative Mitglieder zahlen einen freiwilligen Beitrag, der mindestens dem Beitrag f\u00fcr ordentliche Mitglieder entsprechen sollte.<\/div><\/div><\/div><div class=\"fusion-panel panel-default\"><div class=\"panel-heading\"><h4 class=\"panel-title toggle\"><a aria-expanded=\"false\" aria-controls=\"913d8d3bc00f92b96\" role=\"button\" data-toggle=\"collapse\" data-parent=\"#accordion-35-1\" data-target=\"#913d8d3bc00f92b96\" href=\"#913d8d3bc00f92b96\"><span class=\"fusion-toggle-icon-wrapper\" aria-hidden=\"true\"><i class=\"fa-fusion-box\" aria-hidden=\"true\"><\/i><\/span><span class=\"fusion-toggle-heading\">Was kann ich tun, wenn meine Frage hier nicht beantwortet wird? <\/span><\/a><\/h4><\/div><div id=\"913d8d3bc00f92b96\" class=\"panel-collapse collapse \"><div class=\"panel-body toggle-content fusion-clearfix\">Nutzen Sie den \u201eThemenreiter\u201c <a href=\"http:\/\/swdg-nukmed.de\/?page_id=11\">Kontakt <\/a>in der Men\u00fcleiste\u00a0 und senden Sie uns eine Email mit Ihrer Frage.<\/div><\/div><\/div><\/div><\/div><div class=\"fusion-clearfix\"><\/div><\/div><\/div><\/div><\/div>\n","protected":false},"excerpt":{"rendered":"","protected":false},"author":166,"featured_media":0,"parent":0,"menu_order":0,"comment_status":"closed","ping_status":"closed","template":"100-width.php","meta":{"footnotes":""},"class_list":["post-35","page","type-page","status-publish","hentry"],"_links":{"self":[{"href":"https:\/\/swdg-nukmed.de\/index.php?rest_route=\/wp\/v2\/pages\/35","targetHints":{"allow":["GET"]}}],"collection":[{"href":"https:\/\/swdg-nukmed.de\/index.php?rest_route=\/wp\/v2\/pages"}],"about":[{"href":"https:\/\/swdg-nukmed.de\/index.php?rest_route=\/wp\/v2\/types\/page"}],"author":[{"embeddable":true,"href":"https:\/\/swdg-nukmed.de\/index.php?rest_route=\/wp\/v2\/users\/166"}],"replies":[{"embeddable":true,"href":"https:\/\/swdg-nukmed.de\/index.php?rest_route=%2Fwp%2Fv2%2Fcomments&post=35"}],"version-history":[{"count":12,"href":"https:\/\/swdg-nukmed.de\/index.php?rest_route=\/wp\/v2\/pages\/35\/revisions"}],"predecessor-version":[{"id":903,"href":"https:\/\/swdg-nukmed.de\/index.php?rest_route=\/wp\/v2\/pages\/35\/revisions\/903"}],"wp:attachment":[{"href":"https:\/\/swdg-nukmed.de\/index.php?rest_route=%2Fwp%2Fv2%2Fmedia&parent=35"}],"curies":[{"name":"wp","href":"https:\/\/api.w.org\/{rel}","templated":true}]}}