{"id":80,"date":"2016-02-12T09:57:35","date_gmt":"2016-02-12T08:57:35","guid":{"rendered":"http:\/\/swdg-nukmed.de\/?page_id=80"},"modified":"2020-12-01T17:53:53","modified_gmt":"2020-12-01T16:53:53","slug":"mitglieder","status":"publish","type":"page","link":"https:\/\/swdg-nukmed.de\/?page_id=80","title":{"rendered":"Mitglieder"},"content":{"rendered":"<div class=\"fusion-fullwidth fullwidth-box fusion-builder-row-1 nonhundred-percent-fullwidth non-hundred-percent-height-scrolling\" style=\"background-color: rgba(255,255,255,0);background-position: left top;background-repeat: no-repeat;padding-top:20px;padding-right:0px;padding-bottom:20px;padding-left:0px;margin-bottom: 0px;margin-top: 0px;border-width: 0px 0px 0px 0px;border-color:#eae9e9;border-style:solid;\" ><div class=\"fusion-builder-row fusion-row\"><div class=\"fusion-layout-column fusion_builder_column fusion-builder-column-0 fusion_builder_column_1_1 1_1 fusion-one-full fusion-column-first fusion-column-last fusion-column-no-min-height\" style=\"margin-top:0px;margin-bottom:0px;\"><div class=\"fusion-column-wrapper fusion-flex-column-wrapper-legacy\" style=\"background-position:left top;background-repeat:no-repeat;-webkit-background-size:cover;-moz-background-size:cover;-o-background-size:cover;background-size:cover;padding: 0px 0px 0px 0px;\"><div class=\"fusion-text fusion-text-1\"><h1 style=\"text-align: center; font-size: 30px;\">Mitglieder der <span style=\"color: #f07e23;\">SWDGN<\/span><\/h1>\n<p style=\"text-align: center; margin-top: -10px; font-size: 17px;\">Interessieren Sie sich f\u00fcr eine Mitgliedschaft in der s\u00fcdwestdeutschen Gesellschaft f\u00fcr Nuklearmedizin e.V. <span class=\"fusion-tooltip tooltip-shortcode\" data-animation=\"\" data-delay=\"0\" data-placement=\"top\" data-title=\"Join The Avada Community!\" title=\"Join The Avada Community!\" data-toggle=\"tooltip\" data-trigger=\"hover\"><strong>(SWDGN)<\/strong><\/span>?<\/p>\n<p style=\"text-align: center; margin-top: -10px; font-size: 17px;\">So einfach geht&#8217;s!<\/p>\n<\/div><div class=\"fusion-sep-clear\"><\/div><div class=\"fusion-separator fusion-full-width-sep\" style=\"margin-left: auto;margin-right: auto;margin-top:15px;margin-bottom:80px;width:100%;\"><div class=\"fusion-separator-border sep-double sep-solid\" style=\"border-color:#e0dede;border-top-width:1px;border-bottom-width:1px;\"><\/div><\/div><div class=\"fusion-sep-clear\"><\/div><div class=\"fusion-text fusion-text-2\"><p>Wenn Sie als Naturwissenschaftler(in), als MTRA, \u00e4rztlich, pflegerisch oder als Arzthelfer(in) in der Nuklearmedizin oder einem Grenzgebiet dazu t\u00e4tig sind, k\u00f6nnen Sie ordentliches Mitglied der SWDGN werden. Sollten Sie nicht diesem Personenkreis angeh\u00f6ren, steht Ihnen (insbesondere als nicht nat\u00fcrliche Person) die Mitgliedschaft als korporatives Mitglied offen.<br \/>\nF\u00fcllen Sie den <a href=\"https:\/\/swdg-nukmed.de\/wp-content\/uploads\/2019\/12\/swdgn-Mitgliederantrag.pdf\" target=\"_blank\" rel=\"noopener noreferrer\"><strong>Antrag auf Mitgliedschaft in der SWDGN im Portable Document Format (Adobe)<\/strong><\/a> aus, lassen Sie Ihn von zwei Mitgliedern der SWDGN, die Ihre Mitgliedschaft bef\u00fcrworten, mit unterzeichnen und senden Sie den Antrag an:<\/p>\n<blockquote>\n<p>Dr. rer. nat. Maximilian Kauth<br \/>\nSt\u00e4dtisches Klinikum Karlsruhe gGmbH<br \/>\nMoltkestra\u00dfe 90<br \/>\nD-76133 Karlsruhe<\/p>\n<\/blockquote>\n<p>Der Mitgliedsbeitrag betr\u00e4gt f\u00fcr Assistenz\u00e4rzte zur Zeit 30 \u20ac, f\u00fcr niedergelassene \u00c4rzte, Chef\u00e4rzte und liquidationsberechtigte Ober\u00e4rzte 50 \u20ac im Jahr, f\u00fcr andere ordentliche Mitglieder 15 \u20ac j\u00e4hrlich. Kooperative Mitglieder zahlen einen freiwilligen Beitrag, der mindestens dem Beitrag f\u00fcr ordentliche Mitglieder entsprechen sollte.<\/p>\n<\/div><div class=\"fusion-clearfix\"><\/div><\/div><\/div><\/div><\/div>\n","protected":false},"excerpt":{"rendered":"","protected":false},"author":166,"featured_media":0,"parent":13,"menu_order":0,"comment_status":"closed","ping_status":"closed","template":"100-width.php","meta":{"footnotes":""},"class_list":["post-80","page","type-page","status-publish","hentry"],"_links":{"self":[{"href":"https:\/\/swdg-nukmed.de\/index.php?rest_route=\/wp\/v2\/pages\/80","targetHints":{"allow":["GET"]}}],"collection":[{"href":"https:\/\/swdg-nukmed.de\/index.php?rest_route=\/wp\/v2\/pages"}],"about":[{"href":"https:\/\/swdg-nukmed.de\/index.php?rest_route=\/wp\/v2\/types\/page"}],"author":[{"embeddable":true,"href":"https:\/\/swdg-nukmed.de\/index.php?rest_route=\/wp\/v2\/users\/166"}],"replies":[{"embeddable":true,"href":"https:\/\/swdg-nukmed.de\/index.php?rest_route=%2Fwp%2Fv2%2Fcomments&post=80"}],"version-history":[{"count":15,"href":"https:\/\/swdg-nukmed.de\/index.php?rest_route=\/wp\/v2\/pages\/80\/revisions"}],"predecessor-version":[{"id":956,"href":"https:\/\/swdg-nukmed.de\/index.php?rest_route=\/wp\/v2\/pages\/80\/revisions\/956"}],"up":[{"embeddable":true,"href":"https:\/\/swdg-nukmed.de\/index.php?rest_route=\/wp\/v2\/pages\/13"}],"wp:attachment":[{"href":"https:\/\/swdg-nukmed.de\/index.php?rest_route=%2Fwp%2Fv2%2Fmedia&parent=80"}],"curies":[{"name":"wp","href":"https:\/\/api.w.org\/{rel}","templated":true}]}}